{"id":111,"date":"2016-03-27T17:43:01","date_gmt":"2016-03-28T00:43:01","guid":{"rendered":"https:\/\/faculty.washington.edu\/tmack\/wordpress\/?page_id=111"},"modified":"2017-05-08T15:52:32","modified_gmt":"2017-05-08T22:52:32","slug":"publications","status":"publish","type":"page","link":"https:\/\/faculty.washington.edu\/tmack\/wordpress\/?page_id=111","title":{"rendered":"Publications"},"content":{"rendered":"<p style=\"text-align: center;\"><strong>Selected Publications<\/strong><\/p>\n<ul>\n<li>&#8220;<a href=\"https:\/\/faculty.washington.edu\/tmack\/wordpress\/wp-content\/uploads\/2017\/05\/SP_Samurai.pdf\">San Pauro no samurai: Burajiru no Nihongo rensai sh\u014dsetsu (1917-41)<\/a>&#8221; (in Japanese, translated by Hosokawa Sh\u016bhei) in <em>Nikkei bunka-ron o aminaosu: rekishi, bungei, sesshoku\u00a0<\/em>(Kyoto:\u00a0Minerva Shob\u014d, 2017) 145-159.<\/li>\n<li>\n<div align=\"left\">&#8220;Implied Promises Betrayed: \u2018Intraracial\u2019 Alterity during Japan\u2019s Imperial Period&#8221; in <a href=\"http:\/\/www.uhpress.hawaii.edu\/p-9571-9780824852801.aspx\"><em>The Affect of Difference<\/em><\/a>, eds. Dennis Washburn and Chris Hanscom, (University of Hawaii Press, 2016).<\/div>\n<\/li>\n<li>&#8220;Canonization and Popularization: Anthologies and Literary Prizes&#8221; in <a href=\"https:\/\/www.cambridge.org\/core\/books\/the-cambridge-history-of-japanese-literature\/54084767D7BA3B82C113BA3A9E31A7F6\"><em>The<\/em> <em>Cambridge History of Japanese Literature<\/em><\/a> (Cambridge: Cambridge University Press, 2016) 669-71.<\/li>\n<li>\n<div align=\"left\">&#8220;Nihon bungaku no ba to shite no senzen Burajiru&#8221; in \u014ctsuma Women&#8217;s University\u2019s Manuscripts and Texts Research Institute\u2019s\u00a0<em><a href=\"http:\/\/www.lit.otsuma.ac.jp\/mstxt\/laboratory5.html\">Kenky\u016bjo Nenp\u014d<\/a> 7 <\/em>(2014).<\/div>\n<\/li>\n<li>\n<div align=\"left\">&#8220;Introduction&#8221; (in English and in Japanese translation by Morimoto Toyotomi),\u00a0<em>Kash\u016b-ban Nihongo tokuhon: bessatsu kaidai\u00a0<\/em>(Bunsei Shoin, 2014).<\/div>\n<\/li>\n<li>\n<div align=\"left\">&#8220;<a href=\"http:\/\/faculty.washington.edu\/tmack\/publications\/Intro.pdf\" target=\"_blank\" rel=\"noopener noreferrer\">Introduction<\/a>&#8221; (in English and in Japanese translation by Nobuko Yamasaki),\u00a0<em>Shiatoru-ban Nihongo tokuhon: bessatsu kaidai<\/em>\u00a0(Tokyo: Bunsei Shoin, 2012), pp. 1-21.<\/div>\n<\/li>\n<li>\n<div align=\"left\">&#8220;Paracolonial Literature: Japanese-language Literature in Brazil,&#8221; (in both English and Korean) in\u00a0<em>Ilbon y\u014fn&#8217;gu<\/em>\u00a016 (2011), 57-128. [Available for download\u00a0<a href=\"http:\/\/japan.kujc.kr\/contents\/bbs\/bbs_content.html?bbs_cls_cd=002003005\" target=\"_blank\" rel=\"noopener noreferrer\">here<\/a>.]<\/div>\n<\/li>\n<li>\n<div align=\"left\">&#8220;P\u014fm singminji munhak: B\u016drajil es\u014f \u016di Ilbon\u014f munhak,&#8221; in\u00a0<em><a href=\"http:\/\/www.kyobobook.co.kr\/product\/detailOnelineKor.laf?mallGb=KOR&amp;barcode=9788994427720&amp;linkClass=052117&amp;ejkGb=KOR&amp;orderClick=JGD\" target=\"_blank\" rel=\"noopener noreferrer\">Cheguk Ilbon \u016di idong kwa Tong Asia singminji munhak<\/a><\/em><a href=\"http:\/\/www.kyobobook.co.kr\/product\/detailOnelineKor.laf?mallGb=KOR&amp;barcode=9788994427720&amp;linkClass=052117&amp;ejkGb=KOR&amp;orderClick=JGD\">\u00a02<\/a>\u00a0(S\u014ful T\u016dkp&#8217;y\u014fl-si: Mun, 2011), 421-61.<\/div>\n<\/li>\n<li>\n<div align=\"left\">&#8220;<a href=\"http:\/\/faculty.washington.edu\/tmack\/publications\/Kokumin.pdf\" target=\"_blank\" rel=\"noopener noreferrer\">Kokumin kokka to bungaku: Hokubei\/Nanbai to Kaiz\u014dsha no Gendai Nihon bungaku zensh\u016b<\/a>,&#8221;\u00a0<em>Kokusai Nihon Bungaku Kenky\u016b sh\u016bkai kaigiroku<\/em>\u00a034 (2011), 209-17.<\/div>\n<\/li>\n<li>\n<div align=\"left\"><em><a href=\"http:\/\/www.dukeupress.edu\/Catalog\/ViewProduct.php?productid=17712&amp;viewby=subject&amp;categoryid=398&amp;sort=newest\" target=\"_blank\" rel=\"noopener noreferrer\">Manufacturing Modern Japanese Literature: Publishing, Prizes, and the Ascription of Literary Value<\/a><\/em>\u00a0(Duke University Press, 2010)<\/div>\n<\/li>\n<li>\n<div align=\"left\">\u201c<a href=\"http:\/\/faculty.washington.edu\/tmack\/publications\/Otake.pdf\" target=\"_blank\" rel=\"noopener noreferrer\">\u014ctake Wasabur\u014d&#8217;s Dictionaries and the Japanese &#8216;Colonization&#8217; of Brazil<\/a>,\u201d\u00a0<em>Dictionaries: The Journal of the Dictionary Society of North America<\/em>\u00a031 (2010): 46-68.<\/div>\n<\/li>\n<li>\n<div align=\"left\">\u201c<a href=\"http:\/\/faculty.washington.edu\/tmack\/publications\/Extranational.pdf\" target=\"_blank\" rel=\"noopener noreferrer\">The Extranational Flow of Japanese Language Texts, 1905-1945<\/a>,&#8221;\u00a0<em>Sai: Kan<\/em>\u00a0(Seoul: Kukche Han&#8217;guk Munhwa Hakhoe) 6 (May 2009): 147-76.<\/div>\n<\/li>\n<li>\n<div align=\"left\">\u201c<a href=\"http:\/\/faculty.washington.edu\/tmack\/publications\/Hate.pdf\" target=\"_blank\" rel=\"noopener noreferrer\">Nihon bungaku no &#8216;hate&#8217;: San Pauro no End\u014d Shoten<\/a>,\u201d\u00a0<em>Ritsumeikan gengo bunka kenky\u016b<\/em>\u00a020:1 (September 2008), pp. 179-85.<\/div>\n<\/li>\n<li>\n<div align=\"left\">\u201cPure Art as Mass Culture: Industrialized Publishing and \u2018Modern Japanese Literature.\u2019\u201d Wilt L. Idema, ed.\u00a0<em><a href=\"http:\/\/books.google.com\/books?id=93onvmXF1r0C&amp;printsec=frontcover&amp;dq=%22Books+in+Numbers%22+Idema&amp;source=bl&amp;ots=Q0PNF519h8&amp;sig=CK_2xHcv6rCzR1pBhR3Bd01nLjw&amp;hl=en&amp;ei=_OUXTKXSOMPbnAe7ysChCg&amp;sa=X&amp;oi=book_result&amp;ct=result&amp;resnum=1&amp;ved=0CBYQ6AEwAA#v=onepage&amp;q&amp;f=false\" target=\"_blank\" rel=\"noopener noreferrer\">Books in Numbers<\/a><\/em>\u00a0(Cambridge: Harvard-Yenching Library, 2007), pp. 311-55. [via\u00a0<a href=\"http:\/\/books.google.com\/books?id=93onvmXF1r0C&amp;printsec=frontcover&amp;dq=%22Books+in+Numbers%22+Idema&amp;source=bl&amp;ots=Q0PNF519h8&amp;sig=CK_2xHcv6rCzR1pBhR3Bd01nLjw&amp;hl=en&amp;ei=_OUXTKXSOMPbnAe7ysChCg&amp;sa=X&amp;oi=book_result&amp;ct=result&amp;resnum=1&amp;ved=0CBYQ6AEwAA#v=onepage&amp;q&amp;f=false\" target=\"_blank\" rel=\"noopener noreferrer\">Google Books<\/a>]<\/div>\n<\/li>\n<li>\n<div align=\"left\">\u201c<a href=\"http:\/\/faculty.washington.edu\/tmack\/publications\/Identity.pdf\" target=\"_blank\" rel=\"noopener noreferrer\">Tekusuto no aidentitii, arui wa, tekusuto no s\u014dkansei ni kansuru disukuuru<\/a>\u201d and \u201c<a href=\"http:\/\/faculty.washington.edu\/tmack\/publications\/Identity.pdf\" target=\"_blank\" rel=\"noopener noreferrer\">Textual Identity: Discourses of Textual Interrelation<\/a>,\u201d Morii Masumi, ed.,\u00a0<em>The Materiality of Literature<\/em>\u00a0(Tokyo: Nihon Daigaku Bunri Gakubu, 2007), pp. 100-11.<\/div>\n<\/li>\n<li>\n<div align=\"left\">\u201c<a href=\"http:\/\/faculty.washington.edu\/tmack\/publications\/Seattle.pdf\" target=\"_blank\" rel=\"noopener noreferrer\">Seattle\u2019s Little Tokyo: Bundan Fiction and the Japanese Diaspora<\/a>,\u201d Dennis Washburn and James Dorsey, eds.,\u00a0<em>Reading Material: The Production of Narratives, Genres, and Literary Identities<\/em>\u00a0(West Lafayette, IN: Association for Japanese Literary Studies, 2007), pp. 7-16.<\/div>\n<\/li>\n<li>\n<div align=\"left\">\u201c<a href=\"http:\/\/faculty.washington.edu\/tmack\/publications\/Diasporic.pdf\" target=\"_blank\" rel=\"noopener noreferrer\">Diasporic Markets: Japanese Print and Migration in S\u00e3o Paulo, 1908-1935<\/a>,\u201d\u00a0<em>Script &amp; Print: Bulletin of the Bibliographical Society of Australia and New Zealand<\/em>\u00a029 (2006) pp. 163-77.<\/div>\n<\/li>\n<li>\n<div align=\"left\">\u201c<a href=\"http:\/\/www.jstor.org\/stable\/25066744\" target=\"_blank\" rel=\"noopener noreferrer\">Accounting for Taste: The Creation of the Akutagawa and Naoki Prizes for Literature<\/a>,\u201d\u00a0<em>Harvard Journal of Asiatic Studies<\/em>\u00a064:2 (December 2004), pp. 291-340. [via JSTOR]<\/div>\n<\/li>\n<li>\n<div align=\"left\">\u201c<a href=\"http:\/\/faculty.washington.edu\/tmack\/publications\/Marketing.pdf\" target=\"_blank\" rel=\"noopener noreferrer\">Marketing Japan\u2019s Literature in its 1930s Colonies<\/a>,\u201d\u00a0<em>Bulletin of the Bibliographical Society of Australia and New Zealand<\/em>\u00a028:1\/2 (2004), pp. 134-41.<\/div>\n<\/li>\n<\/ul>\n","protected":false},"excerpt":{"rendered":"<p>Selected Publications &#8220;San Pauro no samurai: Burajiru no Nihongo rensai sh\u014dsetsu (1917-41)&#8221; (in Japanese, translated by Hosokawa Sh\u016bhei) in Nikkei bunka-ron o aminaosu: rekishi, bungei, sesshoku\u00a0(Kyoto:\u00a0Minerva Shob\u014d, 2017) 145-159. &#8220;Implied Promises Betrayed: \u2018Intraracial\u2019 Alterity during Japan\u2019s Imperial Period&#8221; in The Affect of Difference, eds. Dennis Washburn and Chris Hanscom, (University of Hawaii Press, 2016). &#8220;Canonization [&hellip;]<\/p>\n","protected":false},"author":2,"featured_media":0,"parent":0,"menu_order":4,"comment_status":"closed","ping_status":"closed","template":"","meta":{"footnotes":""},"class_list":["post-111","page","type-page","status-publish","hentry","post-preview"],"_links":{"self":[{"href":"https:\/\/faculty.washington.edu\/tmack\/wordpress\/index.php?rest_route=\/wp\/v2\/pages\/111","targetHints":{"allow":["GET"]}}],"collection":[{"href":"https:\/\/faculty.washington.edu\/tmack\/wordpress\/index.php?rest_route=\/wp\/v2\/pages"}],"about":[{"href":"https:\/\/faculty.washington.edu\/tmack\/wordpress\/index.php?rest_route=\/wp\/v2\/types\/page"}],"author":[{"embeddable":true,"href":"https:\/\/faculty.washington.edu\/tmack\/wordpress\/index.php?rest_route=\/wp\/v2\/users\/2"}],"replies":[{"embeddable":true,"href":"https:\/\/faculty.washington.edu\/tmack\/wordpress\/index.php?rest_route=%2Fwp%2Fv2%2Fcomments&post=111"}],"version-history":[{"count":10,"href":"https:\/\/faculty.washington.edu\/tmack\/wordpress\/index.php?rest_route=\/wp\/v2\/pages\/111\/revisions"}],"predecessor-version":[{"id":269,"href":"https:\/\/faculty.washington.edu\/tmack\/wordpress\/index.php?rest_route=\/wp\/v2\/pages\/111\/revisions\/269"}],"wp:attachment":[{"href":"https:\/\/faculty.washington.edu\/tmack\/wordpress\/index.php?rest_route=%2Fwp%2Fv2%2Fmedia&parent=111"}],"curies":[{"name":"wp","href":"https:\/\/api.w.org\/{rel}","templated":true}]}}