{"id":62,"date":"2020-04-17T04:16:38","date_gmt":"2020-04-17T04:16:38","guid":{"rendered":"http:\/\/faculty.washington.edu\/distilio\/?page_id=62"},"modified":"2026-04-11T18:32:49","modified_gmt":"2026-04-11T18:32:49","slug":"publications","status":"publish","type":"page","link":"https:\/\/faculty.washington.edu\/distilio\/publications\/","title":{"rendered":"Publications"},"content":{"rendered":"\n<p><a href=\"https:\/\/scholar.google.co.uk\/citations?hl=en&amp;user=gLYO9W8AAAAJhttps:\/\/scholar.google.co.uk\/citations?view_op=list_works&amp;hl=en&amp;hl=en&amp;user=4NAs7PgAAAAJ\">Google Schola<\/a><a href=\"https:\/\/scholar.google.co.uk\/citations?hl=en&amp;user=gLYO9W8AAAAJ\">r<\/a><\/p>\n\n\n\n<p><strong>2026<\/strong><\/p>\n\n\n\n<p><strong>V. S. Di Stilio<\/strong> and A. Garcia. 2026. Gene co-option across scales shapes plant diversity. Current Biology, <em>in press<\/em>.<\/p>\n\n\n\n<p>Tribble, C. and <strong>V. S. Di Stilio<\/strong>. 2026. Reconstructing the evolution of gene function for plant innovations. Int. &amp; Comp. Biology 66: 1-9. doi: 10.1093\/icb\/icag003.<\/p>\n\n\n\n<ol start=\"55\" class=\"wp-block-list\"><\/ol>\n\n\n\n<p>McConnell, H., Lanclos, J.R., Willis, K., Gjording, N., Stockmann, G., Lind, C., Maloof, J.N., Plackett, A.R.G., and <strong>Di Stilio, V.S.<\/strong> 2026. <em>LEAFY<\/em> demonstrates functions in reproductive development of the gametophyte but not the sporophyte of the fern <em>Ceratopteris richardii<\/em>. Development <em>153<\/em>, dev204808. https:\/\/doi.org\/10.1242\/dev.204808.<\/p>\n\n\n\n<p><strong>2025<\/strong><\/p>\n\n\n\n<p>Garcia, A.G., B\u00f9i, J., T., Michael, T.P., Ickert-Bond, S.M., and <strong>Di Stilio, V.S.<\/strong> 2025. Enabling the Study of Gene Function in Gymnosperms: VIGS in <em>Ephedra tweedieana<\/em>. <em>Applications in Plant Science, <\/em>e70027. <a href=\"https:\/\/doi.org\/10.1002\/aps3.70027\">https:\/\/doi.org\/10.1002\/aps3.70027<\/a><em>.<\/em><\/p>\n\n\n\n<p>Nolan, C.T., Campbell, I., Farrell-Sherman, A., Ortiz, B.A.B., Yang, C., Naish, K.A., <strong>Di Stilio, V.S.<\/strong>, Kaldy, J.E., Donoghue, C., Ruesink, J.L., et al. 202). Florigen and antiflorigen gene expression correlates with reproductive state in a marine angiosperm, <em>Zostera marina<\/em>. iScience <em>28<\/em>, 113082. https:\/\/doi.org\/10.1016\/j.isci.2025.113082.<\/p>\n\n\n\n<p>Lab Spotlight: <a href=\"https:\/\/www.dailyuw.com\/article\/f218a55e-93d2-4b69-a4c5-1476b3cb476f\">https:\/\/www.dailyuw.com\/article\/f218a55e-93d2-4b69-a4c5-1476b3cb476f<\/a><\/p>\n\n\n\n<p><strong>2024<\/strong><\/p>\n\n\n\n<p><strong>Di Stilio, V. S.<\/strong> and N. R. Sinha. 2024. Editorial: Model Organisms in Plant Developmental Biology -their effectiveness and limitations. <em>Front. Plant Sci.<\/em>&nbsp;15:1478483. doi: 10.3389\/fpls.2024.1478483.<\/p>\n\n\n\n<p> <strong>2023<\/strong><\/p>\n\n\n\n<p>The RanOmics group (J. Bachelier, A. Becker<sup>1<\/sup>, N. Conde e Silva, C. Damerval, C. Del R\u00edo, Y. Deveaux, <strong>V. Di Stilio<\/strong>, Y. Gong, E. Kramer, S. Nadot, N. Pab\u00f3n-Mora and W. Wang)*. <strong>2023<\/strong>. A cornucopia of diversity &#8211; Ranunculales as a model lineage. <em>Journal of Experimental Botany: <\/em>erad492. doi: 10.1093\/jxb\/erad492. *<em>Alphabetical authorship.<\/em><\/p>\n\n\n\n<p>S. Zahid, A.F. Schulfer and <strong>V. Di Stilio<\/strong><strong>. <\/strong>A eudicot MIXTA family ancestor likely functioned in both conical cells and trichomes. <em>Frontiers in Plant Science<\/em>(<em>Plant Evo-Devo) <\/em>14<em>, <\/em>doi: 10.3389\/fpls.2023.1288961.<\/p>\n\n\n\n<p>Mart\u00ednez-G\u00f3mez, J., S. Park, S. R. Hartogs, V. L. Soza, S. Park and <strong>V S Di Stilio<\/strong>. Flower morphology as a predictor of pollination mode in a biotic to abiotic pollination continuum,&nbsp;<em>Annals of Botany<\/em>, 2023, mcad069,&nbsp;<a href=\"https:\/\/doi.org\/10.1093\/aob\/mcad069\">https:\/\/doi.org\/10.1093\/aob\/mcad069<\/a><\/p>\n\n\n\n<p><strong>2022<\/strong><\/p>\n\n\n\n<p>San Martin, J., R. Pozner and <strong>V. S. Di Stilio<\/strong> (2022). Heterochrony and repurposing in the evolution of gymnosperm seed dispersal units. EvoDevo 13:7, doi: <a href=\"https:\/\/evodevojournal.biomedcentral.com\/articles\/10.1186\/s13227-022-00191-8\">10.1186\/s13227-022-00191-8<\/a>.<\/p>\n\n\n\n<p><strong>2021<\/strong><\/p>\n\n\n\n<p>Ramage E., V.L. Soza, Y. Jing, H. Deal, V. Chudgar, B. Hall and <strong>V. S. Di Stilio<\/strong> (2021). Gene duplication and differential expression of flower symmetry genes in <em>Rhododendron <\/em>(Ericaceae). Plants 10 (10): 1994, doi: <a href=\"https:\/\/www.mdpi.com\/2223-7747\/10\/10\/1994\">10.3390\/plants10101994<\/a>.<\/p>\n\n\n\n<p>Aranda-Rickert A., J. Torr\u00e9ns, N. Yela, M. Brizuela &amp; <strong>V. S. Di Stilio<\/strong> (2021). Distance dependent contribution of ants to pollination but not defence in a dioecious, ambophilous gymnosperm. Front. Plant Sci. (Funct. Ecol.) 12: 1979, doi: <a href=\"https:\/\/www.frontiersin.org\/articles\/10.3389\/fpls.2021.722405\/full\">10.3389\/fpls.2021.722405<\/a><\/p>\n\n\n\n<p><strong>Di Stilio, VS<\/strong>. and S.M. Ickert-Bond (2021). <em>Ephedra<\/em> as a gymnosperm evo-devo model lineage. Evol. &amp; Dev., doi: <a href=\"https:\/\/onlinelibrary.wiley.com\/doi\/abs\/10.1111\/ede.12370\">10.1111\/ede.12370<\/a>.<\/p>\n\n\n\n<p>Arias, T., D. Ria\u00f1o-Pach\u00f3n and <strong>V.S. Di Stilio<\/strong> (2021). Facilitating candidate gene discovery in an emerging model plant lineage: Genomic and transcriptomic resources for <em>Thalictrum<\/em> (Ranunculaceae). Appl. Plant Sci., doi: <a href=\"https:\/\/bsapubs.onlinelibrary.wiley.com\/doi\/full\/10.1002\/aps3.11407\" target=\"_blank\" rel=\"noreferrer noopener\">10.1002\/aps3.11407<\/a><em>.<\/em><\/p>\n\n\n\n<p><strong>2020<\/strong><\/p>\n\n\n\n<p>Mart\u00ednez-G\u00f3mez, J, KD Galimba, EY Cot\u00e9 and<strong> VS Di Stilio<\/strong> (2020). Spontaneous homeotic mutants and genetic control of floral organ identity in a ranunculid. Evol. &amp; Dev. 1-18, doi: <a href=\"https:\/\/onlinelibrary.wiley.com\/doi\/abs\/10.1111\/ede.12357\" target=\"_blank\" rel=\"noreferrer noopener\">10.1111\/ede.12357<\/a>.<\/p>\n\n\n\n<p>Conway, S.J. and <strong>Di Stilio, VS <\/strong>(2020). An ontogenetic framework for functional studies in the model fern <em>Ceratopteris richardii<\/em>. Dev. Biol. <em>457<\/em>, 20\u201329,<a href=\"https:\/\/www.sciencedirect.com\/science\/article\/pii\/S0012160619302180\"> doi: 10.1016\/j.ydbio.<\/a><a href=\"https:\/\/www.sciencedirect.com\/science\/article\/pii\/S0012160619302180\" target=\"_blank\" rel=\"noreferrer noopener\">2019.08.017<\/a><\/p>\n\n\n\n<p><strong>2019<\/strong><\/p>\n\n\n\n<p>Leebens-Mack, JH, Barker, MS\u2026.<strong>VS. Di Stilio<\/strong> et al. (2019). One thousand plant transcriptomes and the&nbsp;phylogenomics of green plants. Nature <em>574<\/em>, 679\u2013685, <a href=\"https:\/\/doi.org\/10.1038\/s41586-019-1693-2\">doi: 10.1038\/s41586-019-1693-2<\/a><\/p>\n\n\n\n<p>Morales\u2010Briones, DF, Arias, T, <strong>Di Stilio, VS<\/strong>, and Tank, DC (2019). Chloroplast primers for clade-wide phylogenetic studies of <em>Thalictrum<\/em>. Appl. Plant Sci. <em>7<\/em>, e11294, doi:&nbsp;<a rel=\"noreferrer noopener\" href=\"https:\/\/doi.org\/10.1002%2Faps3.11294\" target=\"_blank\">10.1002\/aps3.11294<\/a><\/p>\n\n\n\n<p>Pab\u00f3n-Mora N, <strong>Di Stilio VS<\/strong> and Becker A (2019) Editorial: Genetic Regulatory Mechanisms Underlying Developmental Shifts in Plant Evolution. Front. Plant Sci. 10:710. <a href=\"https:\/\/www.frontiersin.org\/articles\/10.3389\/fpls.2019.00710\/full\" target=\"_blank\" rel=\"noreferrer noopener\">doi: 10.3389\/fpls.2019.00710<\/a>.<\/p>\n\n\n\n<p><strong>2018<\/strong><\/p>\n\n\n\n<p>Plackett AR<strong><sup>\u00a7<\/sup><\/strong>, SJ Conway<strong><sup>\u00a7<\/sup><\/strong>, KD Hewett Hazelton, EH Rabbinowitsch, JA Langdale, and <strong>VS Di Stilio<\/strong> (2018). <em>LEAFY<\/em> maintains apical stem cell activity during shoot development in the fern <em>Ceratopteris richardii<\/em>. ELife <em>7<\/em>, e39625. <strong><sup>\u00a7<\/sup><\/strong>Equal contribution, <a href=\"https:\/\/elifesciences.org\/articles\/39625\">doi: 10.7554\/eLife.39625<\/a>. Faculty Opinions, 16 Oct 2018; <a rel=\"noreferrer noopener\" href=\"https:\/\/doi.org\/10.3410\/f.734278787.793551403\" target=\"_blank\">10.3410\/f.734278787.793551403<\/a>.<\/p>\n\n\n\n<p>Wang T, M Clifford, J Mart\u00ednez-G\u00f3mez, J Johnson, J Riffell and <strong>VS Di Stilio<\/strong><sup> <\/sup>(2018). Scent matters: differential contribution of scent to insect response in flowers with insect vs. wind pollination traits<em>.<\/em> Ann. Bot.<em>,<\/em><a href=\"http:\/\/doi.org\/10.1093\/aob\/mcy131\"> <\/a><a href=\"http:\/\/doi.org\/10.1093\/aob\/mcy131\">doi: 10.1093\/aob\/mcy131<\/a><em>.<\/em><\/p>\n\n\n\n<p>Blischak, PD, M Latvis, DF Morales-Briones, JC Johnson, <strong>VS Di Stilio<\/strong>, AD Wolfe, and DC Tank. (2018). Fluidigm2PURC: Automated processing and haplotype inference for double-barcoded PCR amplicons. App. Plant Sci. 6(6): e1156, <a href=\"https:\/\/bsapubs.onlinelibrary.wiley.com\/doi\/full\/10.1002\/aps3.1156\">doi: 10.1002\/aps3.1156<\/a>.<\/p>\n\n\n\n<p>Lane K, M Augustin, S Ayyampalayam, A Plant, S Gleissberg, <strong>VS Di Stilio<\/strong>, C dePamphilis, K-S Wong, T Kutchan, and J Leebens-Mack (2018). Phylogenomic Analysis of the Ranunculales with Resolution of the Papaveraceae. Bot. J. Lin. Soc. 187 (2):157-166, <a href=\"https:\/\/doi.org\/10.1093\/botlinnean\/boy015\">doi: 10.1093\/botlinnean\/boy015<\/a><\/p>\n\n\n\n<p>Galimba K, J Mart\u00ednez-G\u00f3mez &amp; <strong>VS Di Stilio<\/strong><sup> <\/sup>(2018). Gene duplication and transference of function in the paleo<em>AP3<\/em> lineage of floral organ identity genes. Front. Plant Sci. 9, 334, doi: <a href=\"https:\/\/www.frontiersin.org\/articles\/10.3389\/fpls.2018.00334\/full\">10.3389\/fpls.2018.00334<\/a>.<\/p>\n\n\n\n<p><strong>2017<\/strong><\/p>\n\n\n\n<p><strong>Di Stilio VS<\/strong>, Melzer R and Hall JC (2017). Editorial: A Broader view for Plant EvoDevo: novel approaches for diverse model systems. Front. Plant Sci. 8:61, &nbsp;<a href=\"https:\/\/doi.org\/10.3389\/fpls.2017.00061\">doi: 10.3389\/fpls.2017.00061<\/a>,  and E-book, Frontiers Media SA.<\/p>\n\n\n\n<p><strong>2016<\/strong><\/p>\n\n\n\n<p>Soza VD, CD Snelson, K Hewett-Hazelton and <strong>VS Di Stilio<\/strong> (2016). Partial redundancy and functional specialization of E-class <em>SEPALLATA<\/em> genes in an early-diverging eudicot. Dev. Biol. 419 (1):143-155, doi: <a href=\"https:\/\/www.sciencedirect.com\/science\/article\/pii\/S001216061630269X\">10.1016\/j.ydbio.2016.07.021<\/a>.<\/p>\n\n\n\n<p>Stromberg C, <strong>VS Di Stilio<\/strong>, Z Song (2016). Functions of Phytoliths in Vascular Plants: An Evolutionary Perspective. Funct. Ecol., doi: 10.1111\/1365-2435.12692, <a href=\"https:\/\/doi.org\/10.1111\/1365-2435.12692\">doi: 10.1111\/1365-2435.12692<\/a>.<\/p>\n\n\n\n<p><strong>2015<\/strong><\/p>\n\n\n\n<p>Plackett ARG, <strong>VS<\/strong> <strong>Di Stilio<\/strong> and JA Langdale (2015). Ferns: the missing link in shoot evolution and development. Front. Plant Evo-Devo 6:972. <a href=\"https:\/\/www.frontiersin.org\/articles\/10.3389\/fpls.2015.00972\/full\">doi: 10.3389\/fpls.2015.00972<\/a>.<\/p>\n\n\n\n<p>Galimba, KD and <strong>VS Di Stilio<\/strong> (2015). Sub-functionalization to ovule development following duplication of a floral organ identity gene. Dev. Biol. 405, 158\u2013172,<a href=\"https:\/\/doi.org\/10.1016\/j.ydbio.2015.06.018\" target=\"_blank\" rel=\"noreferrer noopener\"> doi: 10.1016\/j.ydbio.2015.06.018<\/a>.<\/p>\n\n\n\n<p><strong>2014<\/strong><\/p>\n\n\n\n<p>Soza V, VN Le Huyn and <strong>VS Di Stilio<\/strong> (2014). Pattern and process in the evolution of the sole dioecious member of Brassicaceae. EvoDevo 5(42): 1-17. doi: <a href=\"http:\/\/dx.doi.org\/10.1186%2F2041-9139-5-42\">10.1186\/2041-9139-5-42<\/a>.<\/p>\n\n\n\n<p><strong>2013<\/strong><\/p>\n\n\n\n<p>LaRue N, A Sullivan and <strong>VS Di Stilio<\/strong> (2013). Functional recapitulation of evol. transitions in sexual system by homeosis during the evolution of dioecy in <em>Thalictrum<\/em>. Front. Plant Sci. 4 (487): 1-10, doi:&nbsp;<a rel=\"noreferrer noopener\" href=\"https:\/\/doi.org\/10.3389%2Ffpls.2013.00487\" target=\"_blank\">10.3389\/fpls.2013.00487<\/a>.<\/p>\n\n\n\n<p>Soza V, K Haworth and <strong>VS Di Stilio<\/strong> (2013). Timing and consequences of recurrent polyploidy in meadow-rues (<em>Thalictrum<\/em>, Ranunculaceae). Mol. Bio. Evo. 30(8): 1940-1954, doi: <a rel=\"noreferrer noopener\" href=\"https:\/\/doi.org\/10.1093\/molbev\/mst101\" target=\"_blank\">10.1093\/molbev\/mst101<\/a>.<\/p>\n\n\n\n<p>Yuan YW, JM Sagawa, <strong>VS Di Stilio<\/strong> and H.D. Bradshaw, Jr (2013). Bulk Segregant Analysis of an Induced Floral Mutant Identifies a <em>MIXTA-like<\/em> R2R3 MYB Controlling Nectar Guide Formation in <em>Mimulus lewisii<\/em>. Genetics 194 (2): 523-528, doi:&nbsp;<a rel=\"noreferrer noopener\" href=\"https:\/\/doi.org\/10.1534%2Fgenetics.113.151225\" target=\"_blank\">10.1534\/genetics.113.151225<\/a>.<\/p>\n\n\n\n<p><strong>2012<\/strong><\/p>\n\n\n\n<p>Galimba K, T Tolkin, A Sullivan, R Melzer, G Thei\u00dfen, <strong>V Di Stilio<\/strong> (2012). Loss of deeply conserved C-class floral homeotic gene function and C- and E-class protein interaction in a double-flowered ranunculid mutant. Proc. Nat. Acad. Sci. 109(34), E2267-75, <a href=\"https:\/\/doi.org\/10.1073\/pnas.1203686109\">https:\/\/doi.org\/10.1073\/pnas.12036861<\/a>.<\/p>\n\n\n\n<p>Soza V, J Brunet,A Liston, P Salles Smithand <strong>VS Di Stilio<\/strong> (2012). Phylogenetic insights into the correlates&nbsp;of dioecy in meadow-rues (<em>Thalictrum<\/em>). Mol Phyl &amp; Evol 63(1): 180-192, <a rel=\"noreferrer noopener\" href=\"https:\/\/doi.org\/10.1016\/j.ympev.2012.01.009\" target=\"_blank\">doi: 10.1016\/j.ympev.2012.01.009<\/a>.<\/p>\n\n\n\n<p><strong>2011<\/strong><\/p>\n\n\n\n<p>Diggle<sup> <\/sup>P, <strong>VS Di Stilio<\/strong>, A Gschwend, E Golenberg, R Moore, J Russell, J Sinclair (2011). Multiple developmental processes underlie sex differentiation in angiosperms. Trends in Gen 27(9): 368-376, <a href=\"https:\/\/doi.org\/10.1016\/j.tig.2011.05.003\">https:\/\/doi.org\/10.1016\/j.tig.2011.05.003<\/a>. <em>Alphabetical authorship.<\/em><\/p>\n\n\n\n<p><strong>Di Stilio VS<\/strong> (2011). &#8220;Empowering Plant Evo-Devo: Virus Induced Gene Silencing validates new and emerging model systems&#8221; Bioessays 33(9): 711-718, doi: <a rel=\"noreferrer noopener\" href=\"http:\/\/dx.doi.org\/10.1002\/bies.201100040\" target=\"_blank\">10.1002\/bies.201100040<\/a>.<\/p>\n\n\n\n<p><strong>2010<\/strong><\/p>\n\n\n\n<p>Nibau<strong><sup>\u00a7<\/sup><\/strong> C<strong>, VS Di Stilio<sup>\u00a7<\/sup><\/strong>, HM Wu, AY Cheung (2010).Arabidopsis and Tobacco<em> SUPERMAN<\/em> regulate hormone signaling and mediate cell proliferation and differentiation. J. Exp. Botany 62 (3): 949-961, <a href=\"https:\/\/doi.org\/10.1093\/jxb\/erq325\">doi: 10.1093\/jxb\/erq325<\/a>.  <strong><sup>\u00a7<\/sup><\/strong>Equal contribution.<\/p>\n\n\n\n<p><strong>Di Stilio<\/strong> VS, R Kumar, A Oddone, P Salles, TR Tolkin, AF Schulfer and K McCarty (2010). Virus-Induced Gene Silencing as a Tool for Comparative Functional Studies in <em>Thalictrum<\/em>. PLos One, 5(8): e12064, <a href=\"https:\/\/doi.org\/10.1371\/journal.pone.0012064\">doi: 10.1371\/journal.pone.0012064<\/a>.<\/p>\n\n\n\n<p><strong>2008-2009<\/strong><\/p>\n\n\n\n<p><strong>Di Stilio VS<\/strong>, C Martin, AF Schulfer, CF Connelly (2009). An ortholog of <em>MIXTA-like2<\/em> controls epidermal cell shape in flowers of <em>Thalictrum<\/em>. New Phytologist 183: 718-728, <a href=\"https:\/\/doi.org\/10.1111\/j.1469-8137.2009.02945.x\">https:\/\/doi.org\/10.1111\/j.1469-8137.2009.02945.x<\/a>.<\/p>\n\n\n\n<p>Cheung AY, QH Duan, S Costa, BHJ de Graaf, <strong>VS Di Stilio<\/strong>, J Feijo, HM Wu (2008). The Dynamic Pollen Tube Cytoskeleton: Live Cell Studies Using Actin-Binding and Microtubule-Binding Reporter Proteins. Mol. Plant 1 (4): 686-702, <a href=\"https:\/\/doi.org\/10.1093\/mp\/ssn026\">doi: 10.1093\/mp\/ssn026<\/a>.<\/p>\n\n\n\n<p><strong>2000-2005 <\/strong><\/p>\n\n\n\n<p><strong>Di Stilio VS, <\/strong>E Kramer and D Baum (2005). Floral MADS box genes and homeotic gender dimorphism in <em>Thalictrum dioicum<\/em> (Ranunculaceae), a new model for the study of dioecy. The Plant J. 41: 755-766, <a href=\"https:\/\/doi.org\/10.1111\/j.1365-313X.2005.02336.x\">doi: 10.1111\/j.1365-313X.2005.02336.x<\/a>.<\/p>\n\n\n\n<p>Kramer E, A Jaramillo and <strong>VS Di Stilio<\/strong> (2004). Patterns of gene duplication and functional evolution during the diversification of the AGAMOUS subfamily of MADS box genes in angiosperms. Genetics 166: 1011-1023, <a href=\"https:\/\/doi.org\/10.1093\/genetics\/166.2.1011\">doi: 10.1093\/genetics\/166.2.1011<\/a>.  <a href=\"http:\/\/www.f1000biology.com\/article\/id\/1018030\/evaluation\">Faculty of 1000<\/a>.<\/p>\n\n\n\n<p>Kramer E,<strong> VS Di Stilio <\/strong>and P Schluter (2003). Complex patterns of gene duplication in the <em>APETALA3<\/em> and <em>PISTILLATA<\/em> lineages of the Ranunculaceae. International Journal of Plant Sciences 164 (1): 1-11, <a href=\"https:\/\/doi.org\/10.1086\/344694\">doi: 10.1086\/344694<\/a>.<\/p>\n\n\n\n<p>Cheung AY, H-M Wu, <strong>VS Di Stilio<\/strong>, R Glaven, C Chen, E Wong, J Ogdahl and A Estavillo (2000). Pollen-pistil interactions in <em>Nicotiana tabacum<\/em>. Ann. Bot. 85 (Suppl A): 29-37, <a rel=\"noreferrer noopener\" href=\"https:\/\/doi.org\/10.1006\/anbo.1999.1016\" target=\"_blank\">doi: 10.1006\/anbo.1999.1016<\/a>.<\/p>\n\n\n\n<p><strong>1998-1999<\/strong><\/p>\n\n\n\n<p>Armbruster WS, <strong>VS Di Stilio<\/strong>, J Tuxill, T Flores &amp; J Velazquez-Runk (1999). Covariance and Decoupling of Flower and Vegetative Traits in Nine neotropical plants: A Re-evaluation of R. L. Berg&#8217;s Correlation-Pleiades Concept. Am. J. Bot. 86: 39-55, <a href=\"https:\/\/doi.org\/10.2307\/2656953\">doi: 10.2307\/2656953<\/a>.<\/p>\n\n\n\n<p>Vicari R, F Menalled, <strong>VS Di Stilio<\/strong>, S Ucha and N Madanes (1999). Productividad y ciclo del nitr\u00f3geno en dos plantaciones de \u00e1lamos (<em>Populus deltoides<\/em>) con diferentes din\u00e1micas de inundaci\u00f3n. <a href=\"https:\/\/biblat.unam.mx\/en\/revista\/physis-secciones-a-b-y-c\/articulo\/productividad-y-ciclo-del-nitrogeno-en-dos-plantaciones-de-alamos-populus-deltoides-con-diferentes-dinamicas-de-inundacion-en-el-delta-inferior-del-rio-parana-buenos-aires-argentina\">Physis Secc. C, 57(132-133): 41-51<\/a>.<\/p>\n\n\n\n<p><strong>Di Stilio VS<\/strong>, RV Kesseli and DL Mulcahy (1998). A pseudoautosomal random amplified polymorphic DNA marker for the sex chromosomes of <em>Silene dioica<\/em>. Genetics 149: 2057-62, <a href=\"https:\/\/doi.org\/10.1093\/genetics\/149.4.2057\">doi: 10.1093\/genetics\/149.4.2057<\/a>.<\/p>\n\n\n\n<p>Zhang YH, <strong>VS Di Stilio<\/strong>, F Rehman, A Tucker, D Mulcahy and R Kesseli (1998). Y-chromosome specific markers and the evolution of dioecy in <em>Silene<\/em>. Genome 41(2): 141-147, <a href=\"https:\/\/doi.org\/10.1139\/g97-094\">doi: 10.1139\/g97-094<\/a>.<\/p>\n\n\n\n<p>Vicari R, F. Menalled, <strong>VS Di Stilio<\/strong> and N. Madanes (1998). Descomposici\u00f3n de la hojarasca en una plantaci\u00f3n de \u00e1lamos (<em>Populus deltoides<\/em>). <a href=\"https:\/\/biblat.unam.mx\/en\/buscar\/descomposicion-de-la-hojarasca-en-una-plantacion-de-alamos-populus-deltoides\">Physis, Secc. C (130-131): 9-13<\/a>.<\/p>\n\n\n\n<p><strong>1993-1996<\/strong><\/p>\n\n\n\n<p>Cresti M, HF Linskens, DL Mulcahy, S Bush, <strong>VS Di Stilio<\/strong>, M Yu Xu, R Vignani and A Cimato (1996). Preliminary communication about the identification of DNA in leaves and in olive oil of <em>Olea europaea<\/em>. Adv. Hort. Science 10:105-107, <a href=\"https:\/\/www.jstor.org\/stable\/42881405\" target=\"_blank\" rel=\"noreferrer noopener\">https:\/\/www.jstor.org\/stable\/42881405<\/a>.<\/p>\n\n\n\n<p><strong>Di Stilio VS<\/strong> &amp; R Vicari (1995). Cuantificaci\u00f3n de la ca\u00edda y contenido de nutrientes de materiales del canopeo en plantaciones de <em>Populus deltoides<\/em>. <a href=\"https:\/\/biblat.unam.mx\/en\/buscar\/cuantificacion-de-la-caida-y-contenido-de-nutrientes-de-materiales-del-canopeo-en-plantaciones-de-populus-deltoides\">Physis (Buenos Aires) Secc. C, 50 (118-119): 95-104<\/a>.<\/p>\n\n\n\n<p><strong>Di Stilio VS<\/strong> (1994). <em>Vigna<\/em> Savi en Argentina: Estudio Palinol\u00f3gico. Boletin de la Sociedad Argentina de Botanica (Bulletin of the Argentinian Botanical Society) 30 (1-2): 3-11. <a href=\"https:\/\/botanicaargentina.org.ar\/boletin-30-1-2\/\">Pdf<\/a>.<\/p>\n\n\n\n<p>Agull\u00f3 MA, MM Brizuela, <strong>VS Di Stilio<\/strong>, PS Hoc, RA Palacios, J Genise and P Hazeldine (1993). Relaci\u00f3n unidad de polinizaci\u00f3n-visitantes florales en <em>Vigna luteola<\/em>. Bol. Soc. Arg. Bot. 29 (3-4): 131-138. <a href=\"https:\/\/botanicaargentina.org.ar\/relacion-unidad-de-polinizacion-visitantes-florales-en-vigna-luteola-leguminosae-phaseoleae\/\">Pdf<\/a>.<\/p>\n\n\n\n<p>Brizuela MM, PS Hoc, <strong>VS Di Stilio<\/strong>, MA Agull\u00f3, RA Palacios (1993). Biolog\u00eda floral de <em>Macroptilium bracteatum<\/em> (Leguminosae, Phaseoleae). Darwiniana 32: 41-57, <a href=\"https:\/\/www.jstor.org\/stable\/23222955\">https:\/\/www.jstor.org\/stable\/23222955<\/a>. <\/p>\n\n\n\n<p>Hoc P, <strong>VS Di Stilio<\/strong>, M Agull\u00f3, MM Brizuela, R Palacios, P Hazeldine and J Genise (1993). Biolog\u00eda floral de <em>Vigna longifolia<\/em> (Leguminosae, Phaseoleae). Darwiniana 32: 27-39, <a href=\"https:\/\/www.jstor.org\/stable\/23222954\">https:\/\/www.jstor.org\/stable\/23222954<\/a>.<\/p>\n","protected":false},"excerpt":{"rendered":"<p>Google Scholar 2026 V. S. Di Stilio and A. Garcia. 2026. Gene co-option across scales shapes plant diversity. Current Biology, in press. Tribble, C. and V. S. Di Stilio. 2026. Reconstructing the evolution of gene function for plant innovations. Int. &amp; Comp. Biology 66: 1-9. doi: 10.1093\/icb\/icag003. McConnell, H., Lanclos, J.R., Willis, K., Gjording, N., &hellip; <\/p>\n<p class=\"link-more\"><a href=\"https:\/\/faculty.washington.edu\/distilio\/publications\/\" class=\"more-link\">Continue reading<span class=\"screen-reader-text\"> &#8220;Publications&#8221;<\/span><\/a><\/p>\n","protected":false},"author":1,"featured_media":0,"parent":0,"menu_order":0,"comment_status":"closed","ping_status":"closed","template":"","meta":{"footnotes":""},"class_list":["post-62","page","type-page","status-publish","hentry"],"_links":{"self":[{"href":"https:\/\/faculty.washington.edu\/distilio\/wp-json\/wp\/v2\/pages\/62","targetHints":{"allow":["GET"]}}],"collection":[{"href":"https:\/\/faculty.washington.edu\/distilio\/wp-json\/wp\/v2\/pages"}],"about":[{"href":"https:\/\/faculty.washington.edu\/distilio\/wp-json\/wp\/v2\/types\/page"}],"author":[{"embeddable":true,"href":"https:\/\/faculty.washington.edu\/distilio\/wp-json\/wp\/v2\/users\/1"}],"replies":[{"embeddable":true,"href":"https:\/\/faculty.washington.edu\/distilio\/wp-json\/wp\/v2\/comments?post=62"}],"version-history":[{"count":49,"href":"https:\/\/faculty.washington.edu\/distilio\/wp-json\/wp\/v2\/pages\/62\/revisions"}],"predecessor-version":[{"id":432,"href":"https:\/\/faculty.washington.edu\/distilio\/wp-json\/wp\/v2\/pages\/62\/revisions\/432"}],"wp:attachment":[{"href":"https:\/\/faculty.washington.edu\/distilio\/wp-json\/wp\/v2\/media?parent=62"}],"curies":[{"name":"wp","href":"https:\/\/api.w.org\/{rel}","templated":true}]}}